
{"id":21402,"date":"2020-05-12T12:21:00","date_gmt":"2020-05-12T12:21:00","guid":{"rendered":"https:\/\/brancifortibordonaro.it\/vino\/chardonnay\/"},"modified":"2022-07-22T09:18:18","modified_gmt":"2022-07-22T09:18:18","slug":"chardonnay","status":"publish","type":"product","link":"https:\/\/brancifortibordonaro.it\/de\/wein\/chardonnay\/","title":{"rendered":"Chardonnay"},"content":{"rendered":"\t\t<div data-elementor-type=\"section\" data-elementor-id=\"20876\" class=\"elementor elementor-20876 elementor-19630\">\n\t\t<div class=\"elementor-section-wrap\">\n\t\t\t\t\t<section class=\"elementor-section elementor-top-section elementor-element elementor-element-fce1dd1 elementor-section-full_width elementor-section-stretched elementor-section-height-default elementor-section-height-default sc_fly_static\" data-id=\"fce1dd1\" data-element_type=\"section\" data-settings=\"{&quot;background_background&quot;:&quot;classic&quot;,&quot;stretch_section&quot;:&quot;section-stretched&quot;,&quot;tmea_shape_divider_top&quot;:&quot;none&quot;,&quot;tmea_shape_divider_bottom&quot;:&quot;none&quot;}\">\n\t\t\t\t\t\t<div class=\"elementor-container elementor-column-gap-extended\">\n\t\t\t\t\t\t\t<div class=\"elementor-row\">\n\t\t\t\t\t<div class=\"elementor-column elementor-col-100 elementor-top-column elementor-element elementor-element-cc17284 sc_inner_width_none sc_content_align_inherit sc_layouts_column_icons_position_left sc_fly_static\" data-id=\"cc17284\" data-element_type=\"column\">\n\t\t\t<div class=\"elementor-column-wrap elementor-element-populated\">\n\t\t\t\t\t\t\t<div class=\"elementor-widget-wrap\">\n\t\t\t\t\t\t<div class=\"elementor-element elementor-element-da30b9d sc_style_default sc_fly_static elementor-widget elementor-widget-trx_sc_blogger\" data-id=\"da30b9d\" data-element_type=\"widget\" data-widget_type=\"trx_sc_blogger.default\">\n\t\t\t\t<div class=\"elementor-widget-container\">\n\t\t\t<div \t\tclass=\"sc_blogger sc_blogger_lay_portfolio_grid sc_blogger_lay_portfolio_grid_grid_style_9 sc_item_filters_tabs_none alignnone\" ><div class=\"sc_blogger_content sc_item_content sc_item_posts_container\" ><div class=\"sc_blogger_grid_wrap sc_blogger_grid_3 sc_blogger_grid_columns_3\" ><div data-post-id=\"19645\" data-item-number=\"1\" class=\"sc_blogger_item sc_item_container post_container sc_blogger_item_lay_portfolio sc_blogger_item_lay_portfolio_style_7 sc_blogger_item_odd sc_blogger_item_align_none post_format_standard sc_blogger_item_with_image sc_blogger_item_no_excerpt sc_blogger_item_image_position_top post-19645 cpt_portfolio type-cpt_portfolio status-publish has-post-thumbnail hentry cpt_portfolio_group-chardonnay\" ><div class=\"sc_blogger_item_body\"><div class=\"post_featured with_thumb hover_ sc_item_featured sc_blogger_item_featured post_featured_bg\" data-ratio=\"16:9\"><span class=\"post_thumb post_thumb_bg bg_in chardonnay_inline_341705322\"><\/span><div class=\"post_info_bl\"><h5 class=\"sc_blogger_item_title entry-title\" data-item-number=\"1\"><a href=\"https:\/\/brancifortibordonaro.it\/de\/portfolio\/chardonnay-2\/\" rel=\"bookmark\">Chardonnay 2<\/a><\/h5><div class=\"post_meta sc_blogger_item_meta post_meta_categories\"><span class=\"post_meta_item post_categories cat_sep\"><a href=\"https:\/\/brancifortibordonaro.it\/portfolio_group\/chardonnay\/\" title=\"View all posts in Chardonnay\">Chardonnay<\/a><\/span><\/div><\/div><a class=\"post_link sc_blogger_item_link\" href=\"https:\/\/brancifortibordonaro.it\/de\/portfolio\/chardonnay-2\/\"><\/a>\t\t\t\t<a href=\"https:\/\/brancifortibordonaro.it\/de\/portfolio\/chardonnay-2\/\"  aria-hidden=\"true\" class=\"icons\"><\/a>\n\t\t\t\t<\/div><\/div><!-- .sc_blogger_item_body --><\/div><!-- .sc_blogger_item --><div data-post-id=\"19646\" data-item-number=\"2\" class=\"sc_blogger_item sc_item_container post_container sc_blogger_item_lay_portfolio sc_blogger_item_lay_portfolio_style_7 sc_blogger_item_even sc_blogger_item_align_none post_format_standard sc_blogger_item_with_image sc_blogger_item_no_excerpt sc_blogger_item_image_position_top post-19646 cpt_portfolio type-cpt_portfolio status-publish has-post-thumbnail hentry cpt_portfolio_group-chardonnay\" ><div class=\"sc_blogger_item_body\"><div class=\"post_featured with_thumb hover_ sc_item_featured sc_blogger_item_featured post_featured_bg\" data-ratio=\"16:9\"><span class=\"post_thumb post_thumb_bg bg_in chardonnay_inline_282871600\"><\/span><div class=\"post_info_bl\"><h5 class=\"sc_blogger_item_title entry-title\" data-item-number=\"2\"><a href=\"https:\/\/brancifortibordonaro.it\/de\/portfolio\/chardonnay-3\/\" rel=\"bookmark\">Chardonnay 3<\/a><\/h5><div class=\"post_meta sc_blogger_item_meta post_meta_categories\"><span class=\"post_meta_item post_categories cat_sep\"><a href=\"https:\/\/brancifortibordonaro.it\/portfolio_group\/chardonnay\/\" title=\"View all posts in Chardonnay\">Chardonnay<\/a><\/span><\/div><\/div><a class=\"post_link sc_blogger_item_link\" href=\"https:\/\/brancifortibordonaro.it\/de\/portfolio\/chardonnay-3\/\"><\/a>\t\t\t\t<a href=\"https:\/\/brancifortibordonaro.it\/de\/portfolio\/chardonnay-3\/\"  aria-hidden=\"true\" class=\"icons\"><\/a>\n\t\t\t\t<\/div><\/div><!-- .sc_blogger_item_body --><\/div><!-- .sc_blogger_item --><div data-post-id=\"19648\" data-item-number=\"3\" class=\"sc_blogger_item sc_item_container post_container sc_blogger_item_lay_portfolio sc_blogger_item_lay_portfolio_style_7 sc_blogger_item_odd sc_blogger_item_align_none post_format_standard sc_blogger_item_with_image sc_blogger_item_no_excerpt sc_blogger_item_image_position_top post-19648 cpt_portfolio type-cpt_portfolio status-publish has-post-thumbnail hentry cpt_portfolio_group-chardonnay\" ><div class=\"sc_blogger_item_body\"><div class=\"post_featured with_thumb hover_ sc_item_featured sc_blogger_item_featured post_featured_bg\" data-ratio=\"16:9\"><span class=\"post_thumb post_thumb_bg bg_in chardonnay_inline_2034810980\"><\/span><div class=\"post_info_bl\"><h5 class=\"sc_blogger_item_title entry-title\" data-item-number=\"3\"><a href=\"https:\/\/brancifortibordonaro.it\/de\/portfolio\/chardonnay-5\/\" rel=\"bookmark\">Chardonnay 5<\/a><\/h5><div class=\"post_meta sc_blogger_item_meta post_meta_categories\"><span class=\"post_meta_item post_categories cat_sep\"><a href=\"https:\/\/brancifortibordonaro.it\/portfolio_group\/chardonnay\/\" title=\"View all posts in Chardonnay\">Chardonnay<\/a><\/span><\/div><\/div><a class=\"post_link sc_blogger_item_link\" href=\"https:\/\/brancifortibordonaro.it\/de\/portfolio\/chardonnay-5\/\"><\/a>\t\t\t\t<a href=\"https:\/\/brancifortibordonaro.it\/de\/portfolio\/chardonnay-5\/\"  aria-hidden=\"true\" class=\"icons\"><\/a>\n\t\t\t\t<\/div><\/div><!-- .sc_blogger_item_body --><\/div><!-- .sc_blogger_item --><\/div><\/div><\/div>\t\t<\/div>\n\t\t\t\t<\/div>\n\t\t\t\t\t\t<\/div>\n\t\t\t\t\t<\/div>\n\t\t<\/div>\n\t\t\t\t\t\t\t\t<\/div>\n\t\t\t\t\t<\/div>\n\t\t<\/section>\n\t\t\t\t<\/div>\n\t\t<\/div>\n\t\t\n","protected":false},"excerpt":{"rendered":"<div class=\"nodesk\">[elementor-template id=\"19674\"]<\/div>\n<h3><span class=\"introdescrizione\">Internationale Rebsorte mit vielseitiger Pers\u00f6nlichkeit.<\/span><\/h3>\n<p><strong> Chardonnay <\/strong> ist in der Lage, Weinanbaugebiete immer wieder anders zu interpretieren, und hat in Sizilien einen echten Lebensraum gefunden, in dem er sich optimal entfalten kann.<br \/>\nDie Weinberge des Weinguts liegen im n\u00f6rdlichen Quadranten, etwa 350 m \u00fcber dem Meeresspiegel und in kurzer Entfernung von der K\u00fcste, und entwickeln sich in v\u00f6lliger Harmonie mit dem mediterranen Makroklima, dessen Anwesenheit des Meeres f\u00fcr bescheidene t\u00e4gliche und j\u00e4hrliche Temperaturschwankungen sorgt.<\/p>\n<p>Getreu der Produktionsphilosophie des Unternehmens verr\u00e4t der aus diesen Trauben gewonnene Wein nicht sein urspr\u00fcngliches Rebsortenerbe, mit Noten von Pfirsich, Aprikose, reifen Fr\u00fcchten, tropischen Fr\u00fcchten, Honig und Akazienbl\u00fcten, die sich im Glas wiederfinden.<\/p>\n[elementor-template id=\"19624\"]\n","protected":false},"featured_media":21985,"comment_status":"closed","ping_status":"closed","template":"","meta":[],"product_cat":[205],"product_tag":[],"class_list":["post-21402","product","type-product","status-publish","has-post-thumbnail","hentry","product_cat-weisswein-de"],"yoast_head":"<!-- This site is optimized with the Yoast SEO plugin v19.9 - https:\/\/yoast.com\/wordpress\/plugins\/seo\/ -->\n<title>Chardonnay | Feudi Branciforti dei Bordonaro | Weingut Sizilien<\/title>\n<meta name=\"description\" content=\"Chardonnay ist in der Lage, Weinanbaugebiete immer wieder anders zu interpretieren, und hat in Sizilien einen echten Lebensraum gefunden, in dem er sich optimal entfalten kann.\" \/>\n<meta name=\"robots\" content=\"index, follow, max-snippet:-1, max-image-preview:large, max-video-preview:-1\" \/>\n<link rel=\"canonical\" href=\"https:\/\/brancifortibordonaro.it\/de\/wein\/chardonnay\/\" \/>\n<meta property=\"og:locale\" content=\"de_DE\" \/>\n<meta property=\"og:type\" content=\"article\" \/>\n<meta property=\"og:title\" content=\"Chardonnay | Feudi Branciforti dei Bordonaro | Weingut Sizilien\" \/>\n<meta property=\"og:description\" content=\"Chardonnay ist in der Lage, Weinanbaugebiete immer wieder anders zu interpretieren, und hat in Sizilien einen echten Lebensraum gefunden, in dem er sich optimal entfalten kann.\" \/>\n<meta property=\"og:url\" content=\"https:\/\/brancifortibordonaro.it\/de\/wein\/chardonnay\/\" \/>\n<meta property=\"og:site_name\" content=\"Feudi Branciforti dei Bordonaro | Winery Sicilia\" \/>\n<meta property=\"article:modified_time\" content=\"2022-07-22T09:18:18+00:00\" \/>\n<meta property=\"og:image\" content=\"https:\/\/brancifortibordonaro.it\/wp-content\/uploads\/2020\/05\/FB_branci-vini_chardonnay.jpg\" \/>\n\t<meta property=\"og:image:width\" content=\"1200\" \/>\n\t<meta property=\"og:image:height\" content=\"630\" \/>\n\t<meta property=\"og:image:type\" content=\"image\/jpeg\" \/>\n<meta name=\"twitter:card\" content=\"summary_large_image\" \/>\n<meta name=\"twitter:title\" content=\"Chardonnay | Feudi Branciforti dei Bordonaro | Weingut Sizilien\" \/>\n<meta name=\"twitter:description\" content=\"Chardonnay ist in der Lage, Weinanbaugebiete immer wieder anders zu interpretieren, und hat in Sizilien einen echten Lebensraum gefunden, in dem er sich optimal entfalten kann.\" \/>\n<meta name=\"twitter:image\" content=\"https:\/\/brancifortibordonaro.it\/wp-content\/uploads\/2020\/05\/tw_branci-vini_chardonnay.jpg\" \/>\n<meta name=\"twitter:label1\" content=\"Gesch\u00e4tzte Lesezeit\" \/>\n\t<meta name=\"twitter:data1\" content=\"1\u00a0Minute\" \/>\n<script type=\"application\/ld+json\" class=\"yoast-schema-graph\">{\"@context\":\"https:\/\/schema.org\",\"@graph\":[{\"@type\":\"WebPage\",\"@id\":\"https:\/\/brancifortibordonaro.it\/de\/wein\/chardonnay\/\",\"url\":\"https:\/\/brancifortibordonaro.it\/de\/wein\/chardonnay\/\",\"name\":\"Chardonnay | Feudi Branciforti dei Bordonaro | Weingut Sizilien\",\"isPartOf\":{\"@id\":\"https:\/\/brancifortibordonaro.it\/#website\"},\"datePublished\":\"2020-05-12T12:21:00+00:00\",\"dateModified\":\"2022-07-22T09:18:18+00:00\",\"description\":\"Chardonnay ist in der Lage, Weinanbaugebiete immer wieder anders zu interpretieren, und hat in Sizilien einen echten Lebensraum gefunden, in dem er sich optimal entfalten kann.\",\"breadcrumb\":{\"@id\":\"https:\/\/brancifortibordonaro.it\/de\/wein\/chardonnay\/#breadcrumb\"},\"inLanguage\":\"de\",\"potentialAction\":[{\"@type\":\"ReadAction\",\"target\":[\"https:\/\/brancifortibordonaro.it\/de\/wein\/chardonnay\/\"]}]},{\"@type\":\"BreadcrumbList\",\"@id\":\"https:\/\/brancifortibordonaro.it\/de\/wein\/chardonnay\/#breadcrumb\",\"itemListElement\":[{\"@type\":\"ListItem\",\"position\":1,\"name\":\"Home\",\"item\":\"https:\/\/brancifortibordonaro.it\/de\/\"},{\"@type\":\"ListItem\",\"position\":2,\"name\":\"Chardonnay\"}]},{\"@type\":\"WebSite\",\"@id\":\"https:\/\/brancifortibordonaro.it\/#website\",\"url\":\"https:\/\/brancifortibordonaro.it\/\",\"name\":\"Feudi Branciforti dei Bordonaro | Winery Sicilia\",\"description\":\"\",\"publisher\":{\"@id\":\"https:\/\/brancifortibordonaro.it\/#organization\"},\"potentialAction\":[{\"@type\":\"SearchAction\",\"target\":{\"@type\":\"EntryPoint\",\"urlTemplate\":\"https:\/\/brancifortibordonaro.it\/?s={search_term_string}\"},\"query-input\":\"required name=search_term_string\"}],\"inLanguage\":\"de\"},{\"@type\":\"Organization\",\"@id\":\"https:\/\/brancifortibordonaro.it\/#organization\",\"name\":\"Feudi Branciforti dei Bordonaro | Winery Sicilia\",\"url\":\"https:\/\/brancifortibordonaro.it\/\",\"logo\":{\"@type\":\"ImageObject\",\"inLanguage\":\"de\",\"@id\":\"https:\/\/brancifortibordonaro.it\/#\/schema\/logo\/image\/\",\"url\":\"https:\/\/brancifortibordonaro.it\/wp-content\/uploads\/2022\/05\/logo_bra-1.png\",\"contentUrl\":\"https:\/\/brancifortibordonaro.it\/wp-content\/uploads\/2022\/05\/logo_bra-1.png\",\"width\":294,\"height\":251,\"caption\":\"Feudi Branciforti dei Bordonaro | Winery Sicilia\"},\"image\":{\"@id\":\"https:\/\/brancifortibordonaro.it\/#\/schema\/logo\/image\/\"}}]}<\/script>\n<!-- \/ Yoast SEO plugin. -->","yoast_head_json":{"title":"Chardonnay | Feudi Branciforti dei Bordonaro | Weingut Sizilien","description":"Chardonnay ist in der Lage, Weinanbaugebiete immer wieder anders zu interpretieren, und hat in Sizilien einen echten Lebensraum gefunden, in dem er sich optimal entfalten kann.","robots":{"index":"index","follow":"follow","max-snippet":"max-snippet:-1","max-image-preview":"max-image-preview:large","max-video-preview":"max-video-preview:-1"},"canonical":"https:\/\/brancifortibordonaro.it\/de\/wein\/chardonnay\/","og_locale":"de_DE","og_type":"article","og_title":"Chardonnay | Feudi Branciforti dei Bordonaro | Weingut Sizilien","og_description":"Chardonnay ist in der Lage, Weinanbaugebiete immer wieder anders zu interpretieren, und hat in Sizilien einen echten Lebensraum gefunden, in dem er sich optimal entfalten kann.","og_url":"https:\/\/brancifortibordonaro.it\/de\/wein\/chardonnay\/","og_site_name":"Feudi Branciforti dei Bordonaro | Winery Sicilia","article_modified_time":"2022-07-22T09:18:18+00:00","og_image":[{"width":1200,"height":630,"url":"https:\/\/brancifortibordonaro.it\/wp-content\/uploads\/2020\/05\/FB_branci-vini_chardonnay.jpg","type":"image\/jpeg"}],"twitter_card":"summary_large_image","twitter_title":"Chardonnay | Feudi Branciforti dei Bordonaro | Weingut Sizilien","twitter_description":"Chardonnay ist in der Lage, Weinanbaugebiete immer wieder anders zu interpretieren, und hat in Sizilien einen echten Lebensraum gefunden, in dem er sich optimal entfalten kann.","twitter_image":"https:\/\/brancifortibordonaro.it\/wp-content\/uploads\/2020\/05\/tw_branci-vini_chardonnay.jpg","twitter_misc":{"Gesch\u00e4tzte Lesezeit":"1\u00a0Minute"},"schema":{"@context":"https:\/\/schema.org","@graph":[{"@type":"WebPage","@id":"https:\/\/brancifortibordonaro.it\/de\/wein\/chardonnay\/","url":"https:\/\/brancifortibordonaro.it\/de\/wein\/chardonnay\/","name":"Chardonnay | Feudi Branciforti dei Bordonaro | Weingut Sizilien","isPartOf":{"@id":"https:\/\/brancifortibordonaro.it\/#website"},"datePublished":"2020-05-12T12:21:00+00:00","dateModified":"2022-07-22T09:18:18+00:00","description":"Chardonnay ist in der Lage, Weinanbaugebiete immer wieder anders zu interpretieren, und hat in Sizilien einen echten Lebensraum gefunden, in dem er sich optimal entfalten kann.","breadcrumb":{"@id":"https:\/\/brancifortibordonaro.it\/de\/wein\/chardonnay\/#breadcrumb"},"inLanguage":"de","potentialAction":[{"@type":"ReadAction","target":["https:\/\/brancifortibordonaro.it\/de\/wein\/chardonnay\/"]}]},{"@type":"BreadcrumbList","@id":"https:\/\/brancifortibordonaro.it\/de\/wein\/chardonnay\/#breadcrumb","itemListElement":[{"@type":"ListItem","position":1,"name":"Home","item":"https:\/\/brancifortibordonaro.it\/de\/"},{"@type":"ListItem","position":2,"name":"Chardonnay"}]},{"@type":"WebSite","@id":"https:\/\/brancifortibordonaro.it\/#website","url":"https:\/\/brancifortibordonaro.it\/","name":"Feudi Branciforti dei Bordonaro | Winery Sicilia","description":"","publisher":{"@id":"https:\/\/brancifortibordonaro.it\/#organization"},"potentialAction":[{"@type":"SearchAction","target":{"@type":"EntryPoint","urlTemplate":"https:\/\/brancifortibordonaro.it\/?s={search_term_string}"},"query-input":"required name=search_term_string"}],"inLanguage":"de"},{"@type":"Organization","@id":"https:\/\/brancifortibordonaro.it\/#organization","name":"Feudi Branciforti dei Bordonaro | Winery Sicilia","url":"https:\/\/brancifortibordonaro.it\/","logo":{"@type":"ImageObject","inLanguage":"de","@id":"https:\/\/brancifortibordonaro.it\/#\/schema\/logo\/image\/","url":"https:\/\/brancifortibordonaro.it\/wp-content\/uploads\/2022\/05\/logo_bra-1.png","contentUrl":"https:\/\/brancifortibordonaro.it\/wp-content\/uploads\/2022\/05\/logo_bra-1.png","width":294,"height":251,"caption":"Feudi Branciforti dei Bordonaro | Winery Sicilia"},"image":{"@id":"https:\/\/brancifortibordonaro.it\/#\/schema\/logo\/image\/"}}]}},"_links":{"self":[{"href":"https:\/\/brancifortibordonaro.it\/de\/wp-json\/wp\/v2\/product\/21402","targetHints":{"allow":["GET"]}}],"collection":[{"href":"https:\/\/brancifortibordonaro.it\/de\/wp-json\/wp\/v2\/product"}],"about":[{"href":"https:\/\/brancifortibordonaro.it\/de\/wp-json\/wp\/v2\/types\/product"}],"replies":[{"embeddable":true,"href":"https:\/\/brancifortibordonaro.it\/de\/wp-json\/wp\/v2\/comments?post=21402"}],"wp:featuredmedia":[{"embeddable":true,"href":"https:\/\/brancifortibordonaro.it\/de\/wp-json\/wp\/v2\/media\/21985"}],"wp:attachment":[{"href":"https:\/\/brancifortibordonaro.it\/de\/wp-json\/wp\/v2\/media?parent=21402"}],"wp:term":[{"taxonomy":"product_cat","embeddable":true,"href":"https:\/\/brancifortibordonaro.it\/de\/wp-json\/wp\/v2\/product_cat?post=21402"},{"taxonomy":"product_tag","embeddable":true,"href":"https:\/\/brancifortibordonaro.it\/de\/wp-json\/wp\/v2\/product_tag?post=21402"}],"curies":[{"name":"wp","href":"https:\/\/api.w.org\/{rel}","templated":true}]}}