
{"id":21395,"date":"2022-06-21T07:30:20","date_gmt":"2022-06-21T07:30:20","guid":{"rendered":"https:\/\/brancifortibordonaro.it\/vino\/syrah\/"},"modified":"2022-07-22T09:38:10","modified_gmt":"2022-07-22T09:38:10","slug":"syrah","status":"publish","type":"product","link":"https:\/\/brancifortibordonaro.it\/de\/wein\/syrah\/","title":{"rendered":"Syrah"},"content":{"rendered":"\t\t<div data-elementor-type=\"page\" data-elementor-id=\"20863\" class=\"elementor elementor-20863 elementor-19720\">\n\t\t\t\t\t\t<div class=\"elementor-inner\">\n\t\t\t\t<div class=\"elementor-section-wrap\">\n\t\t\t\t\t\t\t\t\t<section class=\"elementor-section elementor-top-section elementor-element elementor-element-fce1dd1 elementor-section-full_width elementor-section-stretched elementor-section-height-default elementor-section-height-default sc_fly_static\" data-id=\"fce1dd1\" data-element_type=\"section\" data-settings=\"{&quot;background_background&quot;:&quot;classic&quot;,&quot;stretch_section&quot;:&quot;section-stretched&quot;,&quot;tmea_shape_divider_top&quot;:&quot;none&quot;,&quot;tmea_shape_divider_bottom&quot;:&quot;none&quot;}\">\n\t\t\t\t\t\t<div class=\"elementor-container elementor-column-gap-extended\">\n\t\t\t\t\t\t\t<div class=\"elementor-row\">\n\t\t\t\t\t<div class=\"elementor-column elementor-col-100 elementor-top-column elementor-element elementor-element-cc17284 sc_inner_width_none sc_content_align_inherit sc_layouts_column_icons_position_left sc_fly_static\" data-id=\"cc17284\" data-element_type=\"column\">\n\t\t\t<div class=\"elementor-column-wrap elementor-element-populated\">\n\t\t\t\t\t\t\t<div class=\"elementor-widget-wrap\">\n\t\t\t\t\t\t<div class=\"elementor-element elementor-element-da30b9d sc_style_default sc_fly_static elementor-widget elementor-widget-trx_sc_blogger\" data-id=\"da30b9d\" data-element_type=\"widget\" data-widget_type=\"trx_sc_blogger.default\">\n\t\t\t\t<div class=\"elementor-widget-container\">\n\t\t\t<div \t\tclass=\"sc_blogger sc_blogger_lay_portfolio_grid sc_blogger_lay_portfolio_grid_grid_style_9 sc_item_filters_tabs_none alignnone\" ><div class=\"sc_blogger_content sc_item_content sc_item_posts_container\" ><div class=\"sc_blogger_grid_wrap sc_blogger_grid_3 sc_blogger_grid_columns_3\" ><div data-post-id=\"19717\" data-item-number=\"1\" class=\"sc_blogger_item sc_item_container post_container sc_blogger_item_lay_portfolio sc_blogger_item_lay_portfolio_style_7 sc_blogger_item_odd sc_blogger_item_align_none post_format_standard sc_blogger_item_with_image sc_blogger_item_no_excerpt sc_blogger_item_image_position_top post-19717 cpt_portfolio type-cpt_portfolio status-publish has-post-thumbnail hentry cpt_portfolio_group-syrah\" ><div class=\"sc_blogger_item_body\"><div class=\"post_featured with_thumb hover_ sc_item_featured sc_blogger_item_featured post_featured_bg\" data-ratio=\"16:9\"><span class=\"post_thumb post_thumb_bg bg_in chardonnay_inline_1498100932\"><\/span><div class=\"post_info_bl\"><h5 class=\"sc_blogger_item_title entry-title\" data-item-number=\"1\"><a href=\"https:\/\/brancifortibordonaro.it\/de\/portfolio\/syrah-3\/\" rel=\"bookmark\">Syrah 3<\/a><\/h5><div class=\"post_meta sc_blogger_item_meta post_meta_categories\"><span class=\"post_meta_item post_categories cat_sep\"><a href=\"https:\/\/brancifortibordonaro.it\/portfolio_group\/syrah\/\" title=\"View all posts in Syrah\">Syrah<\/a><\/span><\/div><\/div><a class=\"post_link sc_blogger_item_link\" href=\"https:\/\/brancifortibordonaro.it\/de\/portfolio\/syrah-3\/\"><\/a>\t\t\t\t<a href=\"https:\/\/brancifortibordonaro.it\/de\/portfolio\/syrah-3\/\"  aria-hidden=\"true\" class=\"icons\"><\/a>\n\t\t\t\t<\/div><\/div><!-- .sc_blogger_item_body --><\/div><!-- .sc_blogger_item --><div data-post-id=\"19718\" data-item-number=\"2\" class=\"sc_blogger_item sc_item_container post_container sc_blogger_item_lay_portfolio sc_blogger_item_lay_portfolio_style_7 sc_blogger_item_even sc_blogger_item_align_none post_format_standard sc_blogger_item_with_image sc_blogger_item_no_excerpt sc_blogger_item_image_position_top post-19718 cpt_portfolio type-cpt_portfolio status-publish has-post-thumbnail hentry cpt_portfolio_group-syrah\" ><div class=\"sc_blogger_item_body\"><div class=\"post_featured with_thumb hover_ sc_item_featured sc_blogger_item_featured post_featured_bg\" data-ratio=\"16:9\"><span class=\"post_thumb post_thumb_bg bg_in chardonnay_inline_353977039\"><\/span><div class=\"post_info_bl\"><h5 class=\"sc_blogger_item_title entry-title\" data-item-number=\"2\"><a href=\"https:\/\/brancifortibordonaro.it\/de\/portfolio\/syrah-4\/\" rel=\"bookmark\">Syrah 4<\/a><\/h5><div class=\"post_meta sc_blogger_item_meta post_meta_categories\"><span class=\"post_meta_item post_categories cat_sep\"><a href=\"https:\/\/brancifortibordonaro.it\/portfolio_group\/syrah\/\" title=\"View all posts in Syrah\">Syrah<\/a><\/span><\/div><\/div><a class=\"post_link sc_blogger_item_link\" href=\"https:\/\/brancifortibordonaro.it\/de\/portfolio\/syrah-4\/\"><\/a>\t\t\t\t<a href=\"https:\/\/brancifortibordonaro.it\/de\/portfolio\/syrah-4\/\"  aria-hidden=\"true\" class=\"icons\"><\/a>\n\t\t\t\t<\/div><\/div><!-- .sc_blogger_item_body --><\/div><!-- .sc_blogger_item --><div data-post-id=\"19719\" data-item-number=\"3\" class=\"sc_blogger_item sc_item_container post_container sc_blogger_item_lay_portfolio sc_blogger_item_lay_portfolio_style_7 sc_blogger_item_odd sc_blogger_item_align_none post_format_standard sc_blogger_item_with_image sc_blogger_item_no_excerpt sc_blogger_item_image_position_top post-19719 cpt_portfolio type-cpt_portfolio status-publish has-post-thumbnail hentry cpt_portfolio_group-syrah\" ><div class=\"sc_blogger_item_body\"><div class=\"post_featured with_thumb hover_ sc_item_featured sc_blogger_item_featured post_featured_bg\" data-ratio=\"16:9\"><span class=\"post_thumb post_thumb_bg bg_in chardonnay_inline_1987459253\"><\/span><div class=\"post_info_bl\"><h5 class=\"sc_blogger_item_title entry-title\" data-item-number=\"3\"><a href=\"https:\/\/brancifortibordonaro.it\/de\/portfolio\/syrah-5\/\" rel=\"bookmark\">Syrah 5<\/a><\/h5><div class=\"post_meta sc_blogger_item_meta post_meta_categories\"><span class=\"post_meta_item post_categories cat_sep\"><a href=\"https:\/\/brancifortibordonaro.it\/portfolio_group\/syrah\/\" title=\"View all posts in Syrah\">Syrah<\/a><\/span><\/div><\/div><a class=\"post_link sc_blogger_item_link\" href=\"https:\/\/brancifortibordonaro.it\/de\/portfolio\/syrah-5\/\"><\/a>\t\t\t\t<a href=\"https:\/\/brancifortibordonaro.it\/de\/portfolio\/syrah-5\/\"  aria-hidden=\"true\" class=\"icons\"><\/a>\n\t\t\t\t<\/div><\/div><!-- .sc_blogger_item_body --><\/div><!-- .sc_blogger_item --><\/div><\/div><\/div>\t\t<\/div>\n\t\t\t\t<\/div>\n\t\t\t\t\t\t<\/div>\n\t\t\t\t\t<\/div>\n\t\t<\/div>\n\t\t\t\t\t\t\t\t<\/div>\n\t\t\t\t\t<\/div>\n\t\t<\/section>\n\t\t\t\t\t\t\t\t\t<\/div>\n\t\t\t<\/div>\n\t\t\t\t\t<\/div>\n\t\t\n","protected":false},"excerpt":{"rendered":"<div class=\"nodesk\">[elementor-template id=\"19723\"]<\/div>\n<h3><span class=\"introdescrizione\">Syrah ist eine der faszinierendsten Rebsorten der regionalen Ampelographie.<\/span><\/h3>\n<p>F\u00fcr Terroirs mit gem\u00e4\u00dfigtem Makroklima berufen, ist <strong>Syrah<\/strong> eine der faszinierendsten Rebsorten der regionalen Ampelographie. Von unbekannter Herkunft, die zwischen Frankreich und dem Osten umstritten ist, verzaubert der ausdrucksstarke Reichtum, der von einem seiner Gl\u00e4ser offenbart wird, durch die <strong> frischen S\u00e4urenoten der Beeren der sizilianischen W\u00e4lder <\/strong>, die die Komplexit\u00e4t von heiraten noch ausgepr\u00e4gtere Aromen, die an s\u00fc\u00dfe Gew\u00fcrze, Kakao oder sogar Kaffee erinnern.<\/p>\n<p>Die lehmigen B\u00f6den, auf denen ihre Pflanzen angebaut werden, sorgen f\u00fcr niedrige und gut verteilte Ertr\u00e4ge und garantieren ein Endprodukt, das komplex, strukturiert und f\u00fcr eine lange Lebensdauer bestimmt ist.<br \/>\n[elementor-template id=\"19940\"]<\/p>\n","protected":false},"featured_media":21976,"comment_status":"closed","ping_status":"closed","template":"","meta":[],"product_cat":[211],"product_tag":[],"class_list":["post-21395","product","type-product","status-publish","has-post-thumbnail","hentry","product_cat-rotwein-de"],"yoast_head":"<!-- This site is optimized with the Yoast SEO plugin v19.9 - https:\/\/yoast.com\/wordpress\/plugins\/seo\/ -->\n<title>Syrah | Feudi Branciforti dei Bordonaro | Weingut Sizilien<\/title>\n<meta name=\"description\" content=\"Syrah ist eine der faszinierendsten Rebsorten der regionalen Ampelographie. F\u00fcr Terroirs mit gem\u00e4\u00dfigtem Makroklima berufen, ist Syrah eine der faszinierendsten Rebsorten der regionalen Ampelographie\" \/>\n<meta name=\"robots\" content=\"index, follow, max-snippet:-1, max-image-preview:large, max-video-preview:-1\" \/>\n<link rel=\"canonical\" href=\"https:\/\/brancifortibordonaro.it\/de\/wein\/syrah\/\" \/>\n<meta property=\"og:locale\" content=\"de_DE\" \/>\n<meta property=\"og:type\" content=\"article\" \/>\n<meta property=\"og:title\" content=\"Syrah | Feudi Branciforti dei Bordonaro | Weingut Sizilien\" \/>\n<meta property=\"og:description\" content=\"Syrah ist eine der faszinierendsten Rebsorten der regionalen Ampelographie. F\u00fcr Terroirs mit gem\u00e4\u00dfigtem Makroklima berufen, ist Syrah eine der faszinierendsten Rebsorten der regionalen Ampelographie\" \/>\n<meta property=\"og:url\" content=\"https:\/\/brancifortibordonaro.it\/de\/wein\/syrah\/\" \/>\n<meta property=\"og:site_name\" content=\"Feudi Branciforti dei Bordonaro | Winery Sicilia\" \/>\n<meta property=\"article:modified_time\" content=\"2022-07-22T09:38:10+00:00\" \/>\n<meta property=\"og:image\" content=\"https:\/\/brancifortibordonaro.it\/wp-content\/uploads\/2022\/06\/FB_branci-vini_syrah.jpg\" \/>\n\t<meta property=\"og:image:width\" content=\"1200\" \/>\n\t<meta property=\"og:image:height\" content=\"630\" \/>\n\t<meta property=\"og:image:type\" content=\"image\/jpeg\" \/>\n<meta name=\"twitter:card\" content=\"summary_large_image\" \/>\n<meta name=\"twitter:title\" content=\"Syrah | Feudi Branciforti dei Bordonaro | Weingut Sizilien\" \/>\n<meta name=\"twitter:description\" content=\"Syrah ist eine der faszinierendsten Rebsorten der regionalen Ampelographie. F\u00fcr Terroirs mit gem\u00e4\u00dfigtem Makroklima berufen, ist Syrah eine der faszinierendsten Rebsorten der regionalen Ampelographie\" \/>\n<meta name=\"twitter:image\" content=\"https:\/\/brancifortibordonaro.it\/wp-content\/uploads\/2022\/06\/tw_branci-vini_sy.jpg\" \/>\n<meta name=\"twitter:label1\" content=\"Gesch\u00e4tzte Lesezeit\" \/>\n\t<meta name=\"twitter:data1\" content=\"1\u00a0Minute\" \/>\n<script type=\"application\/ld+json\" class=\"yoast-schema-graph\">{\"@context\":\"https:\/\/schema.org\",\"@graph\":[{\"@type\":\"WebPage\",\"@id\":\"https:\/\/brancifortibordonaro.it\/de\/wein\/syrah\/\",\"url\":\"https:\/\/brancifortibordonaro.it\/de\/wein\/syrah\/\",\"name\":\"Syrah | Feudi Branciforti dei Bordonaro | Weingut Sizilien\",\"isPartOf\":{\"@id\":\"https:\/\/brancifortibordonaro.it\/#website\"},\"datePublished\":\"2022-06-21T07:30:20+00:00\",\"dateModified\":\"2022-07-22T09:38:10+00:00\",\"description\":\"Syrah ist eine der faszinierendsten Rebsorten der regionalen Ampelographie. F\u00fcr Terroirs mit gem\u00e4\u00dfigtem Makroklima berufen, ist Syrah eine der faszinierendsten Rebsorten der regionalen Ampelographie\",\"breadcrumb\":{\"@id\":\"https:\/\/brancifortibordonaro.it\/de\/wein\/syrah\/#breadcrumb\"},\"inLanguage\":\"de\",\"potentialAction\":[{\"@type\":\"ReadAction\",\"target\":[\"https:\/\/brancifortibordonaro.it\/de\/wein\/syrah\/\"]}]},{\"@type\":\"BreadcrumbList\",\"@id\":\"https:\/\/brancifortibordonaro.it\/de\/wein\/syrah\/#breadcrumb\",\"itemListElement\":[{\"@type\":\"ListItem\",\"position\":1,\"name\":\"Home\",\"item\":\"https:\/\/brancifortibordonaro.it\/de\/\"},{\"@type\":\"ListItem\",\"position\":2,\"name\":\"Syrah\"}]},{\"@type\":\"WebSite\",\"@id\":\"https:\/\/brancifortibordonaro.it\/#website\",\"url\":\"https:\/\/brancifortibordonaro.it\/\",\"name\":\"Feudi Branciforti dei Bordonaro | Winery Sicilia\",\"description\":\"\",\"publisher\":{\"@id\":\"https:\/\/brancifortibordonaro.it\/#organization\"},\"potentialAction\":[{\"@type\":\"SearchAction\",\"target\":{\"@type\":\"EntryPoint\",\"urlTemplate\":\"https:\/\/brancifortibordonaro.it\/?s={search_term_string}\"},\"query-input\":\"required name=search_term_string\"}],\"inLanguage\":\"de\"},{\"@type\":\"Organization\",\"@id\":\"https:\/\/brancifortibordonaro.it\/#organization\",\"name\":\"Feudi Branciforti dei Bordonaro | Winery Sicilia\",\"url\":\"https:\/\/brancifortibordonaro.it\/\",\"logo\":{\"@type\":\"ImageObject\",\"inLanguage\":\"de\",\"@id\":\"https:\/\/brancifortibordonaro.it\/#\/schema\/logo\/image\/\",\"url\":\"https:\/\/brancifortibordonaro.it\/wp-content\/uploads\/2022\/05\/logo_bra-1.png\",\"contentUrl\":\"https:\/\/brancifortibordonaro.it\/wp-content\/uploads\/2022\/05\/logo_bra-1.png\",\"width\":294,\"height\":251,\"caption\":\"Feudi Branciforti dei Bordonaro | Winery Sicilia\"},\"image\":{\"@id\":\"https:\/\/brancifortibordonaro.it\/#\/schema\/logo\/image\/\"}}]}<\/script>\n<!-- \/ Yoast SEO plugin. -->","yoast_head_json":{"title":"Syrah | Feudi Branciforti dei Bordonaro | Weingut Sizilien","description":"Syrah ist eine der faszinierendsten Rebsorten der regionalen Ampelographie. F\u00fcr Terroirs mit gem\u00e4\u00dfigtem Makroklima berufen, ist Syrah eine der faszinierendsten Rebsorten der regionalen Ampelographie","robots":{"index":"index","follow":"follow","max-snippet":"max-snippet:-1","max-image-preview":"max-image-preview:large","max-video-preview":"max-video-preview:-1"},"canonical":"https:\/\/brancifortibordonaro.it\/de\/wein\/syrah\/","og_locale":"de_DE","og_type":"article","og_title":"Syrah | Feudi Branciforti dei Bordonaro | Weingut Sizilien","og_description":"Syrah ist eine der faszinierendsten Rebsorten der regionalen Ampelographie. F\u00fcr Terroirs mit gem\u00e4\u00dfigtem Makroklima berufen, ist Syrah eine der faszinierendsten Rebsorten der regionalen Ampelographie","og_url":"https:\/\/brancifortibordonaro.it\/de\/wein\/syrah\/","og_site_name":"Feudi Branciforti dei Bordonaro | Winery Sicilia","article_modified_time":"2022-07-22T09:38:10+00:00","og_image":[{"width":1200,"height":630,"url":"https:\/\/brancifortibordonaro.it\/wp-content\/uploads\/2022\/06\/FB_branci-vini_syrah.jpg","type":"image\/jpeg"}],"twitter_card":"summary_large_image","twitter_title":"Syrah | Feudi Branciforti dei Bordonaro | Weingut Sizilien","twitter_description":"Syrah ist eine der faszinierendsten Rebsorten der regionalen Ampelographie. F\u00fcr Terroirs mit gem\u00e4\u00dfigtem Makroklima berufen, ist Syrah eine der faszinierendsten Rebsorten der regionalen Ampelographie","twitter_image":"https:\/\/brancifortibordonaro.it\/wp-content\/uploads\/2022\/06\/tw_branci-vini_sy.jpg","twitter_misc":{"Gesch\u00e4tzte Lesezeit":"1\u00a0Minute"},"schema":{"@context":"https:\/\/schema.org","@graph":[{"@type":"WebPage","@id":"https:\/\/brancifortibordonaro.it\/de\/wein\/syrah\/","url":"https:\/\/brancifortibordonaro.it\/de\/wein\/syrah\/","name":"Syrah | Feudi Branciforti dei Bordonaro | Weingut Sizilien","isPartOf":{"@id":"https:\/\/brancifortibordonaro.it\/#website"},"datePublished":"2022-06-21T07:30:20+00:00","dateModified":"2022-07-22T09:38:10+00:00","description":"Syrah ist eine der faszinierendsten Rebsorten der regionalen Ampelographie. F\u00fcr Terroirs mit gem\u00e4\u00dfigtem Makroklima berufen, ist Syrah eine der faszinierendsten Rebsorten der regionalen Ampelographie","breadcrumb":{"@id":"https:\/\/brancifortibordonaro.it\/de\/wein\/syrah\/#breadcrumb"},"inLanguage":"de","potentialAction":[{"@type":"ReadAction","target":["https:\/\/brancifortibordonaro.it\/de\/wein\/syrah\/"]}]},{"@type":"BreadcrumbList","@id":"https:\/\/brancifortibordonaro.it\/de\/wein\/syrah\/#breadcrumb","itemListElement":[{"@type":"ListItem","position":1,"name":"Home","item":"https:\/\/brancifortibordonaro.it\/de\/"},{"@type":"ListItem","position":2,"name":"Syrah"}]},{"@type":"WebSite","@id":"https:\/\/brancifortibordonaro.it\/#website","url":"https:\/\/brancifortibordonaro.it\/","name":"Feudi Branciforti dei Bordonaro | Winery Sicilia","description":"","publisher":{"@id":"https:\/\/brancifortibordonaro.it\/#organization"},"potentialAction":[{"@type":"SearchAction","target":{"@type":"EntryPoint","urlTemplate":"https:\/\/brancifortibordonaro.it\/?s={search_term_string}"},"query-input":"required name=search_term_string"}],"inLanguage":"de"},{"@type":"Organization","@id":"https:\/\/brancifortibordonaro.it\/#organization","name":"Feudi Branciforti dei Bordonaro | Winery Sicilia","url":"https:\/\/brancifortibordonaro.it\/","logo":{"@type":"ImageObject","inLanguage":"de","@id":"https:\/\/brancifortibordonaro.it\/#\/schema\/logo\/image\/","url":"https:\/\/brancifortibordonaro.it\/wp-content\/uploads\/2022\/05\/logo_bra-1.png","contentUrl":"https:\/\/brancifortibordonaro.it\/wp-content\/uploads\/2022\/05\/logo_bra-1.png","width":294,"height":251,"caption":"Feudi Branciforti dei Bordonaro | Winery Sicilia"},"image":{"@id":"https:\/\/brancifortibordonaro.it\/#\/schema\/logo\/image\/"}}]}},"_links":{"self":[{"href":"https:\/\/brancifortibordonaro.it\/de\/wp-json\/wp\/v2\/product\/21395","targetHints":{"allow":["GET"]}}],"collection":[{"href":"https:\/\/brancifortibordonaro.it\/de\/wp-json\/wp\/v2\/product"}],"about":[{"href":"https:\/\/brancifortibordonaro.it\/de\/wp-json\/wp\/v2\/types\/product"}],"replies":[{"embeddable":true,"href":"https:\/\/brancifortibordonaro.it\/de\/wp-json\/wp\/v2\/comments?post=21395"}],"wp:featuredmedia":[{"embeddable":true,"href":"https:\/\/brancifortibordonaro.it\/de\/wp-json\/wp\/v2\/media\/21976"}],"wp:attachment":[{"href":"https:\/\/brancifortibordonaro.it\/de\/wp-json\/wp\/v2\/media?parent=21395"}],"wp:term":[{"taxonomy":"product_cat","embeddable":true,"href":"https:\/\/brancifortibordonaro.it\/de\/wp-json\/wp\/v2\/product_cat?post=21395"},{"taxonomy":"product_tag","embeddable":true,"href":"https:\/\/brancifortibordonaro.it\/de\/wp-json\/wp\/v2\/product_tag?post=21395"}],"curies":[{"name":"wp","href":"https:\/\/api.w.org\/{rel}","templated":true}]}}